{"id":22,"date":"2018-02-02T21:53:13","date_gmt":"2018-02-02T20:53:13","guid":{"rendered":"http:\/\/www.wordpress.boutiquechouette.fr\/?page_id=22"},"modified":"2023-08-28T12:45:33","modified_gmt":"2023-08-28T10:45:33","slug":"nos-partenaires","status":"publish","type":"page","link":"https:\/\/www.boutiquechouette.fr\/?page_id=22","title":{"rendered":"Nos partenaires"},"content":{"rendered":"<p>[vc_row][vc_column]<div class=\" size-sm alignCenter clearfix\"><h2 class=\"main-title title uppercase sub-title-con normal-title size-sm alignCenter line-style5 \"   style=\"font-size: 60px; letter-spacing: 8px; color: #f1c531; display: inline-block; \">Nos partenaires<div class=\"line round-sep clearfix\">\r\n\t\t\t \t\t<span class=\"round\"style=\"background:#f1c531;\"><\/span>\r\n\t\t\t \t\t<span class=\"round\"style=\"background:#f1c531;\"><\/span>\r\n\t\t\t \t\t<span class=\"round\"style=\"background:#f1c531;\"><\/span>\r\n\t\t\t \t\t<span class=\"round\"style=\"background:#f1c531;\"><\/span>\r\n\t\t\t \t<\/div> <\/h2><p class=\"sub-title  \"   style=\"font-size:14px; \">D\u00e9couvrez l&#039;ensemble des partenaires de la boutique de cr\u00e9ateurs Chouette ! \u00e0 Rennes, qui nous accompagnent et nous soutiennent dans notre aventure !<\/p><\/div>[vc_column_text]De la cr\u00e9ation d&#8217;entreprise \u00e0 son d\u00e9veloppement, les organisations professionnelles apportent leur pierre \u00e0 l&#8217;\u00e9difice par l&#8217;accompagnement des entreprises. Chouette ! s&#8217;engage donc activement dans l&#8217;\u00e9conomie locale en cr\u00e9ant des <a href=\"https:\/\/www.boutiquechouette.fr\/les-createurs\/\">liens avec des chefs d&#8217;entreprise locaux<\/a> ou en participant \u00e0 des activit\u00e9s artisanales. Le secteur de l&#8217;artisanat a besoin plus que jamais de se faire conna\u00eetre et d&#8217;\u00eatre reconnu pour son savoir-faire. Ainsi, nous suivons des formations pour, \u00e0 notre tour, former de jeunes apprentis qui seront de futurs commer\u00e7ants et artisans.[\/vc_column_text][\/vc_column][\/vc_row][vc_row full_width=&#8221;stretch_row&#8221; equal_height=&#8221;yes&#8221; content_placement=&#8221;middle&#8221; parallax=&#8221;content-moving&#8221; remove_padding=&#8221;no-padding-vc-row&#8221; parallax_content=&#8221;parallax_content_value&#8221; parallax_content_sense=&#8221;100&#8243;][vc_column width=&#8221;1\/2&#8243;][vc_single_image image=&#8221;13497&#8243; img_size=&#8221;full&#8221; alignment=&#8221;center&#8221; onclick=&#8221;custom_link&#8221; link=&#8221;https:\/\/www.ethikdo.co\/&#8221;][\/vc_column][vc_column width=&#8221;1\/2&#8243;]<div id=\"ultimate-heading-913669fdd1a6c7d1a\" class=\"uvc-heading ult-adjust-bottom-margin ultimate-heading-913669fdd1a6c7d1a uvc-9498 \" data-hspacer=\"no_spacer\"  data-halign=\"center\" style=\"text-align:center\"><div class=\"uvc-heading-spacer no_spacer\" style=\"top\"><\/div><div class=\"uvc-main-heading ult-responsive\"  data-ultimate-target='.uvc-heading.ultimate-heading-913669fdd1a6c7d1a h6'  data-responsive-json-new='{\"font-size\":\"desktop:16px;\",\"line-height\":\"\"}' ><h6 style=\"font-family:&#039;Poppins&#039;;font-weight:600;color:#bec5c5;\">LA CARTE CADEAU RESPONSABLE<\/h6><\/div><\/div><div class=\" size-sm alignCenter clearfix\"><h3 class=\"main-title title uppercase normal-title size-sm alignCenter line-style1 \"   style=\"font-size: 50px; letter-spacing: 4px; color: #f7d629; \">\u00c9thi&#039;kdo<\/h3><\/div>[vc_column_text]<\/p>\n<p style=\"text-align: center;\">\u00c9thi\u2019Kdo est une initiative \u00e0 but non-lucratif dont la Mission est de favoriser le d\u00e9veloppement d&#8217;une consommation plus respectueuse des femmes, des hommes et de l&#8217;environnement.<\/p>\n<p style=\"text-align: center;\">Au coeur d&#8217;un secteur de la carte cadeau multi-enseignes domin\u00e9 par une vision productiviste et consum\u00e9riste,\u00a0Ethi&#8217;Kdo f\u00e9d\u00e8re les acteurs d&#8217;une consommation plus humaine afin de faire entendre leur voix et proposer une alternative durable et d\u00e9sirable.<\/p>\n<p style=\"text-align: center;\">Chouette ! est fi\u00e8re de vous proposer cette carte cadeau responsable.<\/p>\n<p>[\/vc_column_text]<div class=\"pix_button button-center\"><a href=\"https:\/\/www.ethikdo.co\/\"  target=\"_blank\" class=\"clear btn  btn-outline btn-hover-outline btn-oval  btn-sm custom_color btn-hover-color pix-animate-cre btn-custom\" data-trans=\"swing\" data-duration=\"\" data-delay=\"\"style=\"font-size:20px;padding: ;background-color:#f7d629;color: #ffffff;border-color: #ffffff;\">EN SAVOIR PLUS<\/a><\/div>[\/vc_column][\/vc_row][vc_row full_width=&#8221;stretch_row&#8221; equal_height=&#8221;yes&#8221; content_placement=&#8221;middle&#8221; parallax=&#8221;content-moving&#8221; remove_padding=&#8221;no-padding-vc-row&#8221; parallax_content=&#8221;parallax_content_value&#8221; parallax_content_sense=&#8221;100&#8243;][vc_column width=&#8221;1\/2&#8243;]<div id=\"ultimate-heading-985769fdd1a6c7e2d\" class=\"uvc-heading ult-adjust-bottom-margin ultimate-heading-985769fdd1a6c7e2d uvc-9664 \" data-hspacer=\"no_spacer\"  data-halign=\"center\" style=\"text-align:center\"><div class=\"uvc-heading-spacer no_spacer\" style=\"top\"><\/div><div class=\"uvc-main-heading ult-responsive\"  data-ultimate-target='.uvc-heading.ultimate-heading-985769fdd1a6c7e2d h6'  data-responsive-json-new='{\"font-size\":\"desktop:16px;\",\"line-height\":\"\"}' ><h6 style=\"font-family:&#039;Poppins&#039;;font-weight:600;color:#bec5c5;\">ASSOCIATION DES COMMERCANTS DU CENTRE-VILLE DE RENNES<\/h6><\/div><\/div><div class=\" size-sm alignCenter clearfix\"><h3 class=\"main-title title uppercase normal-title size-sm alignCenter line-style1 \"   style=\"font-size: 50px; letter-spacing: 4px; color: #2f5967; \">CARR\u00c9 RENNAIS<\/h3><\/div>[vc_column_text]<\/p>\n<p style=\"text-align: center;\">Le Carr\u00e9 Rennais est une association loi 1901, qui regroupe les commer\u00e7ants et les artisans de Rennes. Cr\u00e9\u00e9e il y a plus de 15 ans, elle f\u00e9d\u00e8re plus particuli\u00e8rement des magasins de centre-ville, agissant pour renforcer leur attractivit\u00e9.<\/p>\n<p style=\"text-align: center;\">Chouette ! participe activement \u00e0 toutes les op\u00e9rations organis\u00e9es par le Carr\u00e9 Rennais pour dynamiser le commerce de proximit\u00e9 en centre-ville. Nous sommes donc partenaires de Exporama ou la braderie.<\/p>\n<p>[\/vc_column_text]<div class=\"pix_button button-center\"><a href=\"https:\/\/www.carrerennais.fr\/presentation\/\"  target=\"_blank\" class=\"clear btn  btn-outline btn-hover-outline btn-oval  btn-sm custom_color btn-hover-color pix-animate-cre btn-custom\" data-trans=\"swing\" data-duration=\"\" data-delay=\"\"style=\"font-size:20px;padding: ;background-color:#2f5967;color: #ffffff;border-color: #ffffff;\">EN SAVOIR PLUS<\/a><\/div>[\/vc_column][vc_column width=&#8221;1\/2&#8243;][vc_single_image image=&#8221;13498&#8243; img_size=&#8221;medium&#8221; alignment=&#8221;center&#8221; onclick=&#8221;custom_link&#8221; link=&#8221;https:\/\/www.carrerennais.fr\/presentation\/&#8221;][\/vc_column][\/vc_row][vc_row full_width=&#8221;stretch_row&#8221; equal_height=&#8221;yes&#8221; content_placement=&#8221;middle&#8221; parallax=&#8221;content-moving&#8221; remove_padding=&#8221;no-padding-vc-row&#8221; parallax_content=&#8221;parallax_content_value&#8221; parallax_content_sense=&#8221;100&#8243;][vc_column width=&#8221;1\/2&#8243;][vc_single_image image=&#8221;8195&#8243; img_size=&#8221;full&#8221; alignment=&#8221;right&#8221; onclick=&#8221;custom_link&#8221; link=&#8221;www.galleco.fr&#8221;][\/vc_column][vc_column width=&#8221;1\/2&#8243;]<div id=\"ultimate-heading-312269fdd1a6c7f1e\" class=\"uvc-heading ult-adjust-bottom-margin ultimate-heading-312269fdd1a6c7f1e uvc-3494 \" data-hspacer=\"no_spacer\"  data-halign=\"center\" style=\"text-align:center\"><div class=\"uvc-heading-spacer no_spacer\" style=\"top\"><\/div><div class=\"uvc-main-heading ult-responsive\"  data-ultimate-target='.uvc-heading.ultimate-heading-312269fdd1a6c7f1e h6'  data-responsive-json-new='{\"font-size\":\"desktop:16px;\",\"line-height\":\"\"}' ><h6 style=\"font-family:&#039;Poppins&#039;;font-weight:600;color:#bec5c5;\">ASSOCIATION<\/h6><\/div><\/div><div class=\" size-sm alignCenter clearfix\"><h3 class=\"main-title title uppercase normal-title size-sm alignCenter line-style1 \"   style=\"font-size: 50px; letter-spacing: 4px; color: #dd4d40; \">GALLECO<\/h3><\/div>[vc_column_text]<\/p>\n<div style=\"text-align: center;\">\n<p>Le Gall\u00e9co est une monnaie locale circulant \u00e0 Rennes, Redon, Foug\u00e8res et leurs alentours. Une monnaie qui restitue au citoyen le pouvoir d\u2019agir par ses choix de consommation. Chaque \u00e9change en Gall\u00e9co renforce une \u00e9conomie locale car les entreprises du r\u00e9seau Gall\u00e9co privil\u00e9gient des fournisseurs en proximit\u00e9 (en circuits courts), soutiennent le d\u00e9veloppement \u00e9conomique ainsi que l\u2019emploi sur le territoire.<\/p>\n<p>Cette monnaie citoyenne cr\u00e9\u00e9 du lien entre les producteurs, les artisans et les consommateurs autour d\u2019un ensemble de valeurs : respect de l\u2019homme et de la Nature, mieux vivre ensemble et transparence.<\/p>\n<\/div>\n<p>[\/vc_column_text]<div class=\"pix_button button-center\"><a href=\"http:\/\/galleco.fr\"  target=\"_blank\" class=\"clear btn  btn-outline btn-hover-outline btn-oval  btn-sm custom_color btn-hover-color pix-animate-cre btn-custom\" data-trans=\"swing\" data-duration=\"\" data-delay=\"\"style=\"font-size:20px;padding: ;background-color:#dd4d40;color: #ffffff;border-color: #ffffff;\">EN SAVOIR PLUS<\/a><\/div>[\/vc_column][\/vc_row][vc_row full_width=&#8221;stretch_row&#8221; equal_height=&#8221;yes&#8221; content_placement=&#8221;middle&#8221; parallax=&#8221;content-moving&#8221; remove_padding=&#8221;no-padding-vc-row&#8221; parallax_content=&#8221;parallax_content_value&#8221;][vc_column width=&#8221;1\/2&#8243;]<div id=\"ultimate-heading-176869fdd1a6c7ffb\" class=\"uvc-heading ult-adjust-bottom-margin ultimate-heading-176869fdd1a6c7ffb uvc-9229 \" data-hspacer=\"no_spacer\"  data-halign=\"center\" style=\"text-align:center\"><div class=\"uvc-heading-spacer no_spacer\" style=\"top\"><\/div><div class=\"uvc-main-heading ult-responsive\"  data-ultimate-target='.uvc-heading.ultimate-heading-176869fdd1a6c7ffb h6'  data-responsive-json-new='{\"font-size\":\"desktop:16px;\",\"line-height\":\"\"}' ><h6 style=\"font-family:&#039;Poppins&#039;;font-weight:600;color:#bec5c5;\">WEBZINE &amp; E-SHOP<\/h6><\/div><\/div><div class=\" size-sm alignCenter clearfix\"><h3 class=\"main-title title uppercase normal-title size-sm alignCenter line-style1 \"   style=\"font-size: 50px; letter-spacing: 4px; color: #2f5967; \">DREAM ACT<\/h3><\/div>[vc_column_text]<\/p>\n<div style=\"text-align: center;\"><a href=\"https:\/\/dreamact.eu\/fr\" target=\"_blank\" rel=\"noopener noreferrer\">Dream Act<\/a> est LE SITE de la consommation responsable, o\u00f9 vous pouvez retrouver les\u00a0bonnes adresses \u00e9co-responsables (comme votre boutique Chouette ! \u00e0 Rennes \ud83d\ude09 ! )\u00a0et d\u00e9nicher de beaux\u00a0produits \u00e9thiques et \u00e9cologiques de marques et de cr\u00e9ateurs engag\u00e9es.<br \/>\nLeur mission : faire de la consommation respectueuse des \u00eatres humains et de l\u2019environnement la norme, et non l\u2019exception !<br \/>\n<strong><br \/>\n<\/strong>Un grand merci \u00e0 la plateforme Dream Act pour r\u00e9f\u00e9rencer la boutique Chouette ! dans vos bonnes adresses shopping !<\/div>\n<p>[\/vc_column_text]<div class=\"pix_button button-center\"><a href=\"https:\/\/dreamact.eu\/fr\/spot\/538\/boutique-chouettes-a-rennes\"  target=\"_blank\" class=\"clear btn  btn-outline btn-hover-outline btn-oval  btn-sm custom_color btn-hover-color pix-animate-cre btn-custom\" data-trans=\"swing\" data-duration=\"\" data-delay=\"\"style=\"font-size:20px;padding: ;background-color:#2f5967;color: #ffffff;border-color: #ffffff;\">EN SAVOIR PLUS<\/a><\/div>[\/vc_column][vc_column width=&#8221;1\/2&#8243;][vc_single_image image=&#8221;13056&#8243; img_size=&#8221;full&#8221; alignment=&#8221;right&#8221; onclick=&#8221;custom_link&#8221; link=&#8221;http:\/\/lafabrikrennaise.fr&#8221;][\/vc_column][\/vc_row][vc_row full_width=&#8221;stretch_row&#8221; equal_height=&#8221;yes&#8221; content_placement=&#8221;middle&#8221; parallax=&#8221;content-moving&#8221; remove_padding=&#8221;no-padding-vc-row&#8221; parallax_content=&#8221;parallax_content_value&#8221; parallax_content_sense=&#8221;100&#8243;][vc_column width=&#8221;1\/2&#8243;][vc_single_image image=&#8221;13062&#8243; img_size=&#8221;full&#8221; alignment=&#8221;right&#8221; onclick=&#8221;custom_link&#8221; link=&#8221;www.galleco.fr&#8221;][\/vc_column][vc_column width=&#8221;1\/2&#8243;]<div id=\"ultimate-heading-379869fdd1a6c80d6\" class=\"uvc-heading ult-adjust-bottom-margin ultimate-heading-379869fdd1a6c80d6 uvc-2052 \" data-hspacer=\"no_spacer\"  data-halign=\"center\" style=\"text-align:center\"><div class=\"uvc-heading-spacer no_spacer\" style=\"top\"><\/div><div class=\"uvc-main-heading ult-responsive\"  data-ultimate-target='.uvc-heading.ultimate-heading-379869fdd1a6c80d6 h6'  data-responsive-json-new='{\"font-size\":\"desktop:16px;\",\"line-height\":\"\"}' ><h6 style=\"font-family:&#039;Poppins&#039;;font-weight:600;color:#bec5c5;\">CHAMBRE DE METIERS ET DE L'ARTISANAT<\/h6><\/div><\/div><div class=\" size-sm alignCenter clearfix\"><h3 class=\"main-title title uppercase normal-title size-sm alignCenter line-style1 \"   style=\"font-size: 50px; letter-spacing: 4px; color: #f1c531; \">CMA 35<\/h3><\/div>[vc_column_text]<\/p>\n<p style=\"text-align: center;\">Cr\u00e9\u00e9es en 1925, les Chambres de M\u00e9tiers et de l&#8217;Artisanat (CMA) ont pour missions de d\u00e9fendre les int\u00e9r\u00eats des artisans, accompagner les entreprises artisanales et former les artisans de demain.<\/p>\n<p style=\"text-align: center;\">En janvier 2019, la Chambre de M\u00e9tiers et de l\u2019Artisanat d\u2019Ille-Vilaine (CMA 35), en lien avec la CRMA Bretagne, est all\u00e9e \u00e0 la rencontre des artisans de boutiques de cr\u00e9ateurs et des m\u00e9tiers d\u2019art du d\u00e9partement afin de recueillir leurs attentes et de leur apporter des \u00e9l\u00e9ments concrets pour le d\u00e9veloppement et la p\u00e9rennit\u00e9 de leur entreprise artisanale.<\/p>\n<p style=\"text-align: center;\">En concertation avec les artisans et la CMA 35, le premier r\u00e9seau d\u00e9partemental de boutiques d\u2019artisans cr\u00e9ateurs et m\u00e9tiers d\u2019art voit le jour le 24 juin 2019 avec pour objectif de f\u00e9d\u00e9rer les acteurs de la fili\u00e8re en Ille-et-Vilaine et de mutualiser les moyens.<\/p>\n<p style=\"text-align: center;\">Un grand merci pour leur soutien !<\/p>\n<p>[\/vc_column_text]<div class=\"pix_button button-center\"><a href=\"http:\/\/www.cma35.bzh\"  target=\"_blank\" class=\"clear btn  btn-outline btn-hover-outline btn-oval  btn-sm custom_color btn-hover-color pix-animate-cre btn-custom\" data-trans=\"swing\" data-duration=\"\" data-delay=\"\"style=\"font-size:20px;padding: ;background-color:#f1c531;color: #ffffff;border-color: #ffffff;\">EN SAVOIR PLUS<\/a><\/div>[\/vc_column][\/vc_row][vc_row full_width=&#8221;stretch_row&#8221; equal_height=&#8221;yes&#8221; content_placement=&#8221;middle&#8221; parallax=&#8221;content-moving&#8221; remove_padding=&#8221;no-padding-vc-row&#8221; parallax_content=&#8221;parallax_content_value&#8221;][vc_column width=&#8221;1\/2&#8243;]<div id=\"ultimate-heading-734569fdd1a6c8195\" class=\"uvc-heading ult-adjust-bottom-margin ultimate-heading-734569fdd1a6c8195 uvc-4044 \" data-hspacer=\"no_spacer\"  data-halign=\"center\" style=\"text-align:center\"><div class=\"uvc-heading-spacer no_spacer\" style=\"top\"><\/div><div class=\"uvc-main-heading ult-responsive\"  data-ultimate-target='.uvc-heading.ultimate-heading-734569fdd1a6c8195 h6'  data-responsive-json-new='{\"font-size\":\"desktop:16px;\",\"line-height\":\"\"}' ><h6 style=\"font-family:&#039;Poppins&#039;;font-weight:600;color:#bec5c5;\">GUIDE DE L'ARTISANAT ET DES CR\u00c9ATEURS<\/h6><\/div><\/div><div class=\" size-sm alignCenter clearfix\"><h3 class=\"main-title title uppercase normal-title size-sm alignCenter line-style1 \"   style=\"font-size: 50px; letter-spacing: 4px; color: #dd4d40; \">KREAMONDO<\/h3><\/div>[vc_column_text]<\/p>\n<div style=\"text-align: center;\">Kreamondo est le guide parfait concernant les artisans et cr\u00e9ateurs ! Ateliers cr\u00e9atifs et listing de nombreuses boutiques partout en France (comme votre boutique Chouette ! \u00e0 Rennes \ud83d\ude09 !) sont disponibles sur leur site pour vous permettre de rep\u00e9rer vos produits coups de coeur.<br \/>\n<strong><br \/>\n<\/strong>Merci beaucoup \u00e0 Kreamondo qui r\u00e9f\u00e9rence la boutique Chouette ! au sein de\u00a0 vos meilleures adresses shopping !<\/div>\n<p>[\/vc_column_text]<div class=\"pix_button button-center\"><a href=\"https:\/\/kreamondo.com\/boutique\/chouette\/\"  target=\"_blank\" class=\"clear btn  btn-outline btn-hover-outline btn-oval  btn-sm custom_color btn-hover-color pix-animate-cre btn-custom\" data-trans=\"swing\" data-duration=\"\" data-delay=\"\"style=\"font-size:20px;padding: ;background-color:#dd4d40;color: #ffffff;border-color: #ffffff;\">EN SAVOIR PLUS<\/a><\/div>[\/vc_column][vc_column width=&#8221;1\/2&#8243;][vc_single_image image=&#8221;13479&#8243; img_size=&#8221;medium&#8221; alignment=&#8221;center&#8221; onclick=&#8221;custom_link&#8221; link=&#8221;https:\/\/kreamondo.com\/&#8221;][\/vc_column][\/vc_row]<\/p>\n","protected":false},"excerpt":{"rendered":"<p>[vc_row][vc_column][vc_column_text]De la cr\u00e9ation d&#8217;entreprise \u00e0 son d\u00e9veloppement, les organisations professionnelles apportent leur pierre \u00e0 l&#8217;\u00e9difice par l&#8217;accompagnement des entreprises. Chouette ! s&#8217;engage donc activement dans l&#8217;\u00e9conomie locale en cr\u00e9ant des liens avec des chefs d&#8217;entreprise locaux ou en participant \u00e0&#8230;<\/p>\n","protected":false},"author":1,"featured_media":0,"parent":0,"menu_order":0,"comment_status":"closed","ping_status":"closed","template":"","meta":{"footnotes":""},"yoast_head":"<!-- This site is optimized with the Yoast SEO plugin v15.9 - https:\/\/yoast.com\/wordpress\/plugins\/seo\/ -->\n<title>D\u00e9couvrez nos partenaires - Boutique de cr\u00e9ateurs \u00e0 Rennes - Chouette !<\/title>\n<meta name=\"description\" content=\"D\u00e9couvrez l&#039;ensemble des partenaires de Chouette ! Des partenariats professionnels qui nous accompagnent et nous soutiennent dans notre aventure\" \/>\n<meta name=\"robots\" content=\"index, follow, max-snippet:-1, max-image-preview:large, max-video-preview:-1\" \/>\n<link rel=\"canonical\" href=\"https:\/\/www.boutiquechouette.fr\/?page_id=22\" \/>\n<meta property=\"og:locale\" content=\"fr_FR\" \/>\n<meta property=\"og:type\" content=\"article\" \/>\n<meta property=\"og:title\" content=\"D\u00e9couvrez nos partenaires - Boutique de cr\u00e9ateurs \u00e0 Rennes - Chouette !\" \/>\n<meta property=\"og:description\" content=\"D\u00e9couvrez l&#039;ensemble des partenaires de Chouette ! Des partenariats professionnels qui nous accompagnent et nous soutiennent dans notre aventure\" \/>\n<meta property=\"og:url\" content=\"https:\/\/www.boutiquechouette.fr\/?page_id=22\" \/>\n<meta property=\"og:site_name\" content=\"Chouette !\" \/>\n<meta property=\"article:publisher\" content=\"http:\/\/www.facebook.com\/boutiquechouette\" \/>\n<meta property=\"article:modified_time\" content=\"2023-08-28T10:45:33+00:00\" \/>\n<meta name=\"twitter:card\" content=\"summary_large_image\" \/>\n<meta name=\"twitter:label1\" content=\"Dur\u00e9e de lecture est.\">\n\t<meta name=\"twitter:data1\" content=\"4 minutes\">\n<script type=\"application\/ld+json\" class=\"yoast-schema-graph\">{\"@context\":\"https:\/\/schema.org\",\"@graph\":[{\"@type\":\"Organization\",\"@id\":\"https:\/\/www.boutiquechouette.fr\/#organization\",\"name\":\"Chouette !\",\"url\":\"https:\/\/www.boutiquechouette.fr\/\",\"sameAs\":[\"http:\/\/www.facebook.com\/boutiquechouette\",\"https:\/\/www.instagram.com\/boutiquechouette\/\",\"https:\/\/www.pinterest.fr\/boutiquechouette\"],\"logo\":{\"@type\":\"ImageObject\",\"@id\":\"https:\/\/www.boutiquechouette.fr\/#logo\",\"inLanguage\":\"fr-FR\",\"url\":\"https:\/\/www.boutiquechouette.fr\/wp-content\/uploads\/2023\/07\/cropped-Logo_Titre_PNG.png\",\"width\":512,\"height\":512,\"caption\":\"Chouette !\"},\"image\":{\"@id\":\"https:\/\/www.boutiquechouette.fr\/#logo\"}},{\"@type\":\"WebSite\",\"@id\":\"https:\/\/www.boutiquechouette.fr\/#website\",\"url\":\"https:\/\/www.boutiquechouette.fr\/\",\"name\":\"Chouette !\",\"description\":\"Boutique de cr\\u00e9ateurs \\u00e0 Rennes\",\"publisher\":{\"@id\":\"https:\/\/www.boutiquechouette.fr\/#organization\"},\"potentialAction\":[{\"@type\":\"SearchAction\",\"target\":\"https:\/\/www.boutiquechouette.fr\/?s={search_term_string}\",\"query-input\":\"required name=search_term_string\"}],\"inLanguage\":\"fr-FR\"},{\"@type\":[\"WebPage\",\"ItemPage\"],\"@id\":\"https:\/\/www.boutiquechouette.fr\/?page_id=22#webpage\",\"url\":\"https:\/\/www.boutiquechouette.fr\/?page_id=22\",\"name\":\"D\\u00e9couvrez nos partenaires - Boutique de cr\\u00e9ateurs \\u00e0 Rennes - Chouette !\",\"isPartOf\":{\"@id\":\"https:\/\/www.boutiquechouette.fr\/#website\"},\"datePublished\":\"2018-02-02T20:53:13+00:00\",\"dateModified\":\"2023-08-28T10:45:33+00:00\",\"description\":\"D\\u00e9couvrez l'ensemble des partenaires de Chouette ! Des partenariats professionnels qui nous accompagnent et nous soutiennent dans notre aventure\",\"breadcrumb\":{\"@id\":\"https:\/\/www.boutiquechouette.fr\/?page_id=22#breadcrumb\"},\"inLanguage\":\"fr-FR\",\"potentialAction\":[{\"@type\":\"ReadAction\",\"target\":[\"https:\/\/www.boutiquechouette.fr\/?page_id=22\"]}]},{\"@type\":\"BreadcrumbList\",\"@id\":\"https:\/\/www.boutiquechouette.fr\/?page_id=22#breadcrumb\",\"itemListElement\":[{\"@type\":\"ListItem\",\"position\":1,\"item\":{\"@type\":\"WebPage\",\"@id\":\"https:\/\/www.boutiquechouette.fr\/\",\"url\":\"https:\/\/www.boutiquechouette.fr\/\",\"name\":\"Accueil\"}},{\"@type\":\"ListItem\",\"position\":2,\"item\":{\"@type\":\"WebPage\",\"@id\":\"https:\/\/www.boutiquechouette.fr\/?page_id=22\",\"url\":\"https:\/\/www.boutiquechouette.fr\/?page_id=22\",\"name\":\"Nos partenaires\"}}]}]}<\/script>\n<!-- \/ Yoast SEO plugin. -->","_links":{"self":[{"href":"https:\/\/www.boutiquechouette.fr\/index.php?rest_route=\/wp\/v2\/pages\/22"}],"collection":[{"href":"https:\/\/www.boutiquechouette.fr\/index.php?rest_route=\/wp\/v2\/pages"}],"about":[{"href":"https:\/\/www.boutiquechouette.fr\/index.php?rest_route=\/wp\/v2\/types\/page"}],"author":[{"embeddable":true,"href":"https:\/\/www.boutiquechouette.fr\/index.php?rest_route=\/wp\/v2\/users\/1"}],"replies":[{"embeddable":true,"href":"https:\/\/www.boutiquechouette.fr\/index.php?rest_route=%2Fwp%2Fv2%2Fcomments&post=22"}],"version-history":[{"count":5,"href":"https:\/\/www.boutiquechouette.fr\/index.php?rest_route=\/wp\/v2\/pages\/22\/revisions"}],"predecessor-version":[{"id":13661,"href":"https:\/\/www.boutiquechouette.fr\/index.php?rest_route=\/wp\/v2\/pages\/22\/revisions\/13661"}],"wp:attachment":[{"href":"https:\/\/www.boutiquechouette.fr\/index.php?rest_route=%2Fwp%2Fv2%2Fmedia&parent=22"}],"curies":[{"name":"wp","href":"https:\/\/api.w.org\/{rel}","templated":true}]}}