{"id":16,"date":"2018-02-02T21:52:15","date_gmt":"2018-02-02T20:52:15","guid":{"rendered":"http:\/\/www.wordpress.boutiquechouette.fr\/?page_id=16"},"modified":"2023-08-28T13:18:15","modified_gmt":"2023-08-28T11:18:15","slug":"notre-histoire","status":"publish","type":"page","link":"https:\/\/www.boutiquechouette.fr\/?page_id=16","title":{"rendered":"Notre histoire"},"content":{"rendered":"<p>[vc_row equal_height=&#8221;yes&#8221;][vc_column width=&#8221;2\/5&#8243;][vc_single_image image=&#8221;12648&#8243; img_size=&#8221;600&#215;400&#8243; alignment=&#8221;center&#8221; style=&#8221;vc_box_rounded&#8221;][\/vc_column][vc_column width=&#8221;3\/5&#8243;]<div class=\" size-sm clearfix\"><h2 class=\"main-title title uppercase normal-title size-sm line-style1 \"   style=\"font-size: 60px; letter-spacing: 8px; color: #f7d629; display: inline-block; \">Il \u00e9tait une fois...<\/h2><\/div>[vc_column_text]<span style=\"font-size: 16px;\">Amandine, cr\u00e9atrice de bijoux, r\u00eavait d\u2019une boutique o\u00f9 l\u2019on pourrait trouver tout un univers de cr\u00e9ations artisanales, locales, uniques et originales !<\/span><\/p>\n<p><span style=\"font-size: 16px;\">Un r\u00eave devenu r\u00e9alit\u00e9 en 2015 avec Chouette ! Boutique de cr\u00e9ateurs, situ\u00e9e au 4 rue du Chapitre, dans le vieux Rennes. La boutique regroupe aujourd&#8217;hui les cr\u00e9ations de dizaines d&#8217;artisans locaux. Toutes sont fabriqu\u00e9es \u00e0 la main et r\u00e9alis\u00e9es en pi\u00e8ces uniques ou en petites s\u00e9ries : bijoux, v\u00eatements pour femme, accessoires de mode, d\u00e9coration\u2026<\/span>[\/vc_column_text][\/vc_column][\/vc_row][vc_row full_width=&#8221;stretch_row&#8221; equal_height=&#8221;yes&#8221;][vc_column width=&#8221;3\/5&#8243;]<div class=\" size-sm clearfix\"><h2 class=\"main-title title uppercase normal-title size-sm line-style1 \"   style=\"font-size: 50px; letter-spacing: 6px; color: #e05818; display: inline-block; \">Une histoire de rencontres...<\/h2><\/div>[vc_column_text]<span style=\"font-size: 16px;\">Au fil des ans, Chouette ! s&#8217;est enrichi des \u00e9changes avec des partenaires professionnels, des artisans inspir\u00e9s et des clientes enthousiastes. L&#8217;aventure continue avec toujours de nouvelles id\u00e9es, de nouvelles cr\u00e9ations et de nouvelles envies.<\/span><\/p>\n<p><span style=\"font-size: 16px;\">De la fabrik rennaise aux Rues vivantes, nous nous attachons \u00e0 nous <a href=\"https:\/\/www.boutiquechouette.fr\/nos-partenaires\/\">impliquer dans l&#8217;\u00e9conomie locale<\/a> pour la d\u00e9fense du commerce de proximit\u00e9. D&#8217;autre part, nous rencontrons au quotidien de nombreux cr\u00e9ateurs et artistes du fait-main pour d\u00e9nicher les bonnes id\u00e9es avec des mati\u00e8res de qualit\u00e9 \u00e0 un budget abordable.<\/span>[\/vc_column_text][\/vc_column][vc_column width=&#8221;2\/5&#8243;][vc_single_image image=&#8221;13600&#8243; img_size=&#8221;full&#8221; alignment=&#8221;center&#8221; style=&#8221;vc_box_rounded&#8221;][\/vc_column][\/vc_row][vc_row full_width=&#8221;stretch_row&#8221;][vc_column]<div class=\" size-sm alignCenter clearfix\"><h2 class=\"main-title title uppercase normal-title size-sm alignCenter line-style5 \"   style=\"font-size: 50px; letter-spacing: 6px; color: #2f5967; \">Nos engagements<div class=\"line round-sep clearfix\">\r\n\t\t\t \t\t<span class=\"round\"style=\"background:#2f5967;\"><\/span>\r\n\t\t\t \t\t<span class=\"round\"style=\"background:#2f5967;\"><\/span>\r\n\t\t\t \t\t<span class=\"round\"style=\"background:#2f5967;\"><\/span>\r\n\t\t\t \t\t<span class=\"round\"style=\"background:#2f5967;\"><\/span>\r\n\t\t\t \t<\/div> <\/h2><\/div>[vc_column_text]<span style=\"font-size: 16px;\">La boutique \u00ab Chouette ! \u00bb a \u00e0 c\u0153ur de valoriser le travail des cr\u00e9ateurs et l\u2019artisanat local. Elle vise \u00e0 promouvoir une d\u00e9marche \u00e9thique en s\u00e9lectionnant les cr\u00e9ateurs selon des crit\u00e8res tels que la production locale, l\u2019utilisation de mati\u00e8res de qualit\u00e9 et le respect de l\u2019environnement.<\/span><\/p>\n<p><span style=\"font-size: 16px;\">Les artisans s\u00e9lectionn\u00e9s sont engag\u00e9s dans la production \u00e9coresponsable : des cr\u00e9ations fabriqu\u00e9es en Bretagne (ou made in France), des mati\u00e8res \u00e9cologiques, recycl\u00e9es ou naturelles et le tout r\u00e9alis\u00e9 \u00e0 la main.<\/span><\/p>\n<p><span style=\"font-size: 16px;\">Pour encourager la consommation responsable dans un souci de d\u00e9veloppement de l\u2019\u00e9conomie sociale et solidaire, nous acceptons la monnaie locale le Gall\u00e9co et proposons une carte cadeau responsable avec Ethi&#8217;Kado.<\/span>[\/vc_column_text][vc_column_text]<\/p>\n<blockquote>\n<p style=\"text-align: center;\"><span style=\"color: #009849;\"><span style=\"font-size: 24px;\">Se r\u00e9unir est un d\u00e9but, <\/span><span style=\"font-size: 24px;\">rester ensemble est un progr\u00e8s, <\/span><span style=\"font-size: 24px;\">travailler ensemble est la r\u00e9ussite.<\/span><\/span><\/p>\n<\/blockquote>\n<p><span style=\"font-size: 20px;\">Henry Ford<\/span>[\/vc_column_text][\/vc_column][\/vc_row]<\/p>\n","protected":false},"excerpt":{"rendered":"<p>[vc_row equal_height=&#8221;yes&#8221;][vc_column width=&#8221;2\/5&#8243;][vc_single_image image=&#8221;12648&#8243; img_size=&#8221;600&#215;400&#8243; alignment=&#8221;center&#8221; style=&#8221;vc_box_rounded&#8221;][\/vc_column][vc_column width=&#8221;3\/5&#8243;][vc_column_text]Amandine, cr\u00e9atrice de bijoux, r\u00eavait d\u2019une boutique o\u00f9 l\u2019on pourrait trouver tout un univers de cr\u00e9ations artisanales, locales, uniques et originales ! Un r\u00eave devenu r\u00e9alit\u00e9 en 2015 avec Chouette ! Boutique de&#8230;<\/p>\n","protected":false},"author":1,"featured_media":0,"parent":0,"menu_order":0,"comment_status":"closed","ping_status":"closed","template":"","meta":{"footnotes":""},"yoast_head":"<!-- This site is optimized with the Yoast SEO plugin v15.9 - https:\/\/yoast.com\/wordpress\/plugins\/seo\/ -->\n<title>L&#039;histoire de Chouette ! Boutique de cr\u00e9ateurs \u00e0 Rennes<\/title>\n<meta name=\"description\" content=\"L&#039;histoire de Chouette. Il \u00e9tait une fois... Amandine, qui r\u00eavait d\u2019une boutique, o\u00f9 l\u2019on pourrait retrouver des cr\u00e9ations uniques et originales !\" \/>\n<meta name=\"robots\" content=\"index, follow, max-snippet:-1, max-image-preview:large, max-video-preview:-1\" \/>\n<link rel=\"canonical\" href=\"https:\/\/www.boutiquechouette.fr\/?page_id=16\" \/>\n<meta property=\"og:locale\" content=\"fr_FR\" \/>\n<meta property=\"og:type\" content=\"article\" \/>\n<meta property=\"og:title\" content=\"L&#039;histoire de Chouette ! Boutique de cr\u00e9ateurs \u00e0 Rennes\" \/>\n<meta property=\"og:description\" content=\"L&#039;histoire de Chouette. Il \u00e9tait une fois... Amandine, qui r\u00eavait d\u2019une boutique, o\u00f9 l\u2019on pourrait retrouver des cr\u00e9ations uniques et originales !\" \/>\n<meta property=\"og:url\" content=\"https:\/\/www.boutiquechouette.fr\/?page_id=16\" \/>\n<meta property=\"og:site_name\" content=\"Chouette !\" \/>\n<meta property=\"article:publisher\" content=\"http:\/\/www.facebook.com\/boutiquechouette\" \/>\n<meta property=\"article:modified_time\" content=\"2023-08-28T11:18:15+00:00\" \/>\n<meta name=\"twitter:card\" content=\"summary_large_image\" \/>\n<meta name=\"twitter:label1\" content=\"Dur\u00e9e de lecture est.\">\n\t<meta name=\"twitter:data1\" content=\"2 minutes\">\n<script type=\"application\/ld+json\" class=\"yoast-schema-graph\">{\"@context\":\"https:\/\/schema.org\",\"@graph\":[{\"@type\":\"Organization\",\"@id\":\"https:\/\/www.boutiquechouette.fr\/#organization\",\"name\":\"Chouette !\",\"url\":\"https:\/\/www.boutiquechouette.fr\/\",\"sameAs\":[\"http:\/\/www.facebook.com\/boutiquechouette\",\"https:\/\/www.instagram.com\/boutiquechouette\/\",\"https:\/\/www.pinterest.fr\/boutiquechouette\"],\"logo\":{\"@type\":\"ImageObject\",\"@id\":\"https:\/\/www.boutiquechouette.fr\/#logo\",\"inLanguage\":\"fr-FR\",\"url\":\"https:\/\/www.boutiquechouette.fr\/wp-content\/uploads\/2023\/07\/cropped-Logo_Titre_PNG.png\",\"width\":512,\"height\":512,\"caption\":\"Chouette !\"},\"image\":{\"@id\":\"https:\/\/www.boutiquechouette.fr\/#logo\"}},{\"@type\":\"WebSite\",\"@id\":\"https:\/\/www.boutiquechouette.fr\/#website\",\"url\":\"https:\/\/www.boutiquechouette.fr\/\",\"name\":\"Chouette !\",\"description\":\"Boutique de cr\\u00e9ateurs \\u00e0 Rennes\",\"publisher\":{\"@id\":\"https:\/\/www.boutiquechouette.fr\/#organization\"},\"potentialAction\":[{\"@type\":\"SearchAction\",\"target\":\"https:\/\/www.boutiquechouette.fr\/?s={search_term_string}\",\"query-input\":\"required name=search_term_string\"}],\"inLanguage\":\"fr-FR\"},{\"@type\":[\"WebPage\",\"ItemPage\"],\"@id\":\"https:\/\/www.boutiquechouette.fr\/?page_id=16#webpage\",\"url\":\"https:\/\/www.boutiquechouette.fr\/?page_id=16\",\"name\":\"L'histoire de Chouette ! Boutique de cr\\u00e9ateurs \\u00e0 Rennes\",\"isPartOf\":{\"@id\":\"https:\/\/www.boutiquechouette.fr\/#website\"},\"datePublished\":\"2018-02-02T20:52:15+00:00\",\"dateModified\":\"2023-08-28T11:18:15+00:00\",\"description\":\"L'histoire de Chouette. Il \\u00e9tait une fois... Amandine, qui r\\u00eavait d\\u2019une boutique, o\\u00f9 l\\u2019on pourrait retrouver des cr\\u00e9ations uniques et originales !\",\"breadcrumb\":{\"@id\":\"https:\/\/www.boutiquechouette.fr\/?page_id=16#breadcrumb\"},\"inLanguage\":\"fr-FR\",\"potentialAction\":[{\"@type\":\"ReadAction\",\"target\":[\"https:\/\/www.boutiquechouette.fr\/?page_id=16\"]}]},{\"@type\":\"BreadcrumbList\",\"@id\":\"https:\/\/www.boutiquechouette.fr\/?page_id=16#breadcrumb\",\"itemListElement\":[{\"@type\":\"ListItem\",\"position\":1,\"item\":{\"@type\":\"WebPage\",\"@id\":\"https:\/\/www.boutiquechouette.fr\/\",\"url\":\"https:\/\/www.boutiquechouette.fr\/\",\"name\":\"Accueil\"}},{\"@type\":\"ListItem\",\"position\":2,\"item\":{\"@type\":\"WebPage\",\"@id\":\"https:\/\/www.boutiquechouette.fr\/?page_id=16\",\"url\":\"https:\/\/www.boutiquechouette.fr\/?page_id=16\",\"name\":\"Notre histoire\"}}]}]}<\/script>\n<!-- \/ Yoast SEO plugin. -->","_links":{"self":[{"href":"https:\/\/www.boutiquechouette.fr\/index.php?rest_route=\/wp\/v2\/pages\/16"}],"collection":[{"href":"https:\/\/www.boutiquechouette.fr\/index.php?rest_route=\/wp\/v2\/pages"}],"about":[{"href":"https:\/\/www.boutiquechouette.fr\/index.php?rest_route=\/wp\/v2\/types\/page"}],"author":[{"embeddable":true,"href":"https:\/\/www.boutiquechouette.fr\/index.php?rest_route=\/wp\/v2\/users\/1"}],"replies":[{"embeddable":true,"href":"https:\/\/www.boutiquechouette.fr\/index.php?rest_route=%2Fwp%2Fv2%2Fcomments&post=16"}],"version-history":[{"count":5,"href":"https:\/\/www.boutiquechouette.fr\/index.php?rest_route=\/wp\/v2\/pages\/16\/revisions"}],"predecessor-version":[{"id":13663,"href":"https:\/\/www.boutiquechouette.fr\/index.php?rest_route=\/wp\/v2\/pages\/16\/revisions\/13663"}],"wp:attachment":[{"href":"https:\/\/www.boutiquechouette.fr\/index.php?rest_route=%2Fwp%2Fv2%2Fmedia&parent=16"}],"curies":[{"name":"wp","href":"https:\/\/api.w.org\/{rel}","templated":true}]}}