{"id":13,"date":"2018-02-02T21:40:34","date_gmt":"2018-02-02T20:40:34","guid":{"rendered":"http:\/\/www.wordpress.boutiquechouette.fr\/?page_id=13"},"modified":"2023-09-09T17:00:19","modified_gmt":"2023-09-09T15:00:19","slug":"les-createurs","status":"publish","type":"page","link":"https:\/\/www.boutiquechouette.fr\/?page_id=13","title":{"rendered":"Les cr\u00e9ateurs"},"content":{"rendered":"<p>[vc_row full_width=&#8221;stretch_row&#8221;][vc_column]<div class=\" size-sm alignCenter clearfix\"><h1 class=\"main-title title uppercase sub-title-con normal-title size-sm alignCenter line-style5 \"   style=\"font-size: 60px; letter-spacing: 8px; color: #f7d629; display: inline-block; \">Les cr\u00e9ateurs<div class=\"line round-sep clearfix\">\r\n\t\t\t \t\t<span class=\"round\"style=\"background:#f1c531;\"><\/span>\r\n\t\t\t \t\t<span class=\"round\"style=\"background:#f1c531;\"><\/span>\r\n\t\t\t \t\t<span class=\"round\"style=\"background:#f1c531;\"><\/span>\r\n\t\t\t \t\t<span class=\"round\"style=\"background:#f1c531;\"><\/span>\r\n\t\t\t \t<\/div> <\/h1><p class=\"sub-title  \"   style=\"font-size:14px; \">Notre s\u00e9lection de cr\u00e9ateurs locaux !<\/p><\/div>[vc_column_text]<\/p>\n<p style=\"text-align: center;\"><span style=\"font-size: 16px;\">La<strong> boutique de cr\u00e9ateurs<\/strong> Chouette ! \u00e0 Rennes accueille les cr\u00e9ations originales de dizaines de <strong>cr\u00e9ateurs<\/strong> de la r\u00e9gion rennaise, de Bretagne ou de France\u00a0 :<\/span><\/p>\n<p style=\"text-align: center;\"><span style=\"font-size: 16px;\">De la <strong>d\u00e9coration<\/strong> (luminaires, papeterie&#8230;) aux<strong> v\u00eatements pour femme <\/strong>en passant par les<strong> bijoux fantaisie et les accessoires de mode<\/strong>\u2026<br \/>\nChouette ! C&#8217;est carr\u00e9ment LA <strong>boutique cadeaux<\/strong> de Rennes qui propose des id\u00e9es cadeaux originales et des cadeaux personnalis\u00e9s. <\/span><\/p>\n<p style=\"text-align: center;\"><span style=\"font-size: 16px;\">Pour toutes les occasions, quelque soit le style, les go\u00fbts ou le budget, Chouette ! offre une large gamme de choix pour faire plaisir ou se faire plaisir. Il est aussi possible d&#8217;<a href=\"https:\/\/www.boutiquechouette.com\/carte-cadeau\">offrir une carte cadeau<\/a> (valable 1 an dans la boutique).<\/span><\/p>\n<p style=\"text-align: center;\"><span style=\"font-size: 16px;\">\u00c9thique, esth\u00e9tisme, originalit\u00e9, passion et qualit\u00e9 sont nos crit\u00e8res de s\u00e9lection des cr\u00e9ateurs.<\/span><\/p>\n<p style=\"text-align: center;\"><span style=\"font-size: 16px;\">D\u00e9couvrez certains de nos cr\u00e9ateurs locaux en images !<\/span><\/p>\n<p>[\/vc_column_text][\/vc_column][\/vc_row][vc_row full_width=&#8221;stretch_row&#8221; equal_height=&#8221;yes&#8221;][vc_column width=&#8221;1\/4&#8243;][vc_hoverbox image=&#8221;13610&#8243; primary_title=&#8221;Capsule Margot&#8221; primary_title_font_container=&#8221;font_size:30px|color:%23ffffff&#8221; primary_title_use_theme_fonts=&#8221;yes&#8221; hover_title=&#8221;Capsule Margot&#8221; hover_title_font_container=&#8221;font_size:30px|color:%23ffffff&#8221; hover_title_use_theme_fonts=&#8221;yes&#8221; hover_background_color=&#8221;chino&#8221; use_custom_fonts_primary_title=&#8221;true&#8221; use_custom_fonts_hover_title=&#8221;true&#8221; primary_title_link=&#8221;target:_blank&#8221;]Capsule Margot est styliste et mod\u00e9liste sur Rennes.<\/p>\n<p>Elle cr\u00e9e actuellement des v\u00eatements grande taille avec Chouette ![\/vc_hoverbox][\/vc_column][vc_column width=&#8221;1\/4&#8243;][vc_hoverbox image=&#8221;12741&#8243; primary_title=&#8221;Pois Plum'&#8221; primary_title_font_container=&#8221;font_size:30px|color:%23ffffff&#8221; primary_title_google_fonts=&#8221;font_family:Amatic%20SC%3Aregular%2C700|font_style:400%20regular%3A400%3Anormal&#8221; hover_title=&#8221;Pois Plum'&#8221; hover_title_font_container=&#8221;font_size:30px|color:%23ffffff&#8221; hover_title_google_fonts=&#8221;font_family:Amatic%20SC%3Aregular%2C700|font_style:400%20regular%3A400%3Anormal&#8221; hover_background_color=&#8221;chino&#8221; use_custom_fonts_primary_title=&#8221;true&#8221; use_custom_fonts_hover_title=&#8221;true&#8221; primary_title_link=&#8221;target:_blank&#8221;]Pois Plum&#8217; est la marque de bijoux artisanaux cr\u00e9\u00e9e par Amandine<\/p>\n<p>Les bracelets, boucles d&#8217;oreille et colliers sont color\u00e9s.[\/vc_hoverbox][\/vc_column][vc_column width=&#8221;1\/4&#8243;][vc_hoverbox image=&#8221;13609&#8243; primary_title=&#8221;Aur\u00e9lie Cousin&#8221; primary_title_font_container=&#8221;font_size:30px|color:%23ffffff&#8221; primary_title_google_fonts=&#8221;font_family:Amatic%20SC%3Aregular%2C700|font_style:400%20regular%3A400%3Anormal&#8221; hover_title=&#8221;Aur\u00e9lie Cousin&#8221; hover_title_font_container=&#8221;font_size:30px|color:%23ffffff&#8221; hover_title_google_fonts=&#8221;font_family:Amatic%20SC%3Aregular%2C700|font_style:400%20regular%3A400%3Anormal&#8221; hover_background_color=&#8221;chino&#8221; use_custom_fonts_primary_title=&#8221;true&#8221; use_custom_fonts_hover_title=&#8221;true&#8221; primary_title_link=&#8221;target:_blank&#8221;]Aur\u00e9lie Cousin expose ses cr\u00e9ations de luminaires chez Chouette ! depuis plusieurs ann\u00e9es<\/p>\n<p>Son artisanat apporte une touche de fantaisie, de vintage \u00e0 nos int\u00e9rieurs.[\/vc_hoverbox][\/vc_column][vc_column width=&#8221;1\/4&#8243;][vc_hoverbox image=&#8221;12748&#8243; primary_title=&#8221;Yaya Factory&#8221; primary_title_font_container=&#8221;font_size:30px|color:%23ffffff&#8221; primary_title_google_fonts=&#8221;font_family:Amatic%20SC%3Aregular%2C700|font_style:400%20regular%3A400%3Anormal&#8221; hover_title=&#8221;Yaya Factory&#8221; hover_title_font_container=&#8221;font_size:30px|color:%23ffffff&#8221; hover_title_google_fonts=&#8221;font_family:Amatic%20SC%3Aregular%2C700|font_style:400%20regular%3A400%3Anormal&#8221; hover_background_color=&#8221;chino&#8221; use_custom_fonts_primary_title=&#8221;true&#8221; use_custom_fonts_hover_title=&#8221;true&#8221;]Yaya Factory pr\u00e9sente ses bijoux fantaisie interchangeable<\/p>\n<p>pour avoir chaque jour un nouveau bijou \u00e0 porter[\/vc_hoverbox][\/vc_column][\/vc_row][vc_row full_width=&#8221;stretch_row&#8221;][vc_column][vc_column_text]<span style=\"font-size: 16px;\">Notre d\u00e9marche \u00e9thique consiste en premier lieu \u00e0 s\u00e9lectionner des cr\u00e9ations artisanales uniques. Elles doivent \u00eatre fabriqu\u00e9es \u00e0 la main et localement. De plus, le respect d&#8217;une d\u00e9marche \u00e9coresponsable est un atout certain pour nos artisans. Par exemple, utiliser des mati\u00e8res recycl\u00e9es pour confectionner des v\u00eatements ou d\u00e9tourner des mati\u00e8res parfois surprenantes pour cr\u00e9er des objets de d\u00e9coration \u00e0 la fois utiles et originaux.<\/span><\/p>\n<p><span style=\"font-size: 16px;\">Ensuite, pour travailler ensemble sur le long terme, nous nous appliquons \u00e0 r\u00e9mun\u00e9rer correctement tous les cr\u00e9ateurs. Il est parfois tentant de penser &#8220;C&#8217;est pas si compliqu\u00e9 \u00e0 faire&#8221; mais la r\u00e9alit\u00e9 de la production manuelle, de la cr\u00e9ation artisanale, implique de nombreuses heures de recherche et de travail. Aussi, nous \u00e9changeons avec nos partenaires pour trouver le juste co\u00fbt de leur main-d&#8217;oeuvre et le juste prix de vente de leurs produits.<\/span><\/p>\n<p><span style=\"font-size: 16px;\">Chouette ! entretient ainsi des partenariats de longue date avec plusieurs cr\u00e9atrices bretonnes. C&#8217;est d&#8217;abord le partage de valeurs communes qui nous lient. Gr\u00e2ce \u00e0 une \u00e9troite collaboration, nous progressons ensemble pour trouver les meilleures id\u00e9es et am\u00e9liorer les cr\u00e9ations en fonction des retours des clientes. Nous \u00e9changeons beaucoup sur les mati\u00e8res et sur la qualit\u00e9 des finitions, ce qui est la valeur ajout\u00e9e d&#8217;un artisan.<\/span><\/p>\n<p><span style=\"font-size: 16px;\">Au final, nos coups de coeur sont les articles que nous avons envie d&#8217;acheter, de porter, d&#8217;offrir&#8230; Ceux qui sont \u00e0 la fois beaux et pratiques, pour \u00e9gayer notre quotidien.<\/span>[\/vc_column_text][\/vc_column][\/vc_row][vc_row equal_height=&#8221;yes&#8221;][vc_column width=&#8221;4\/5&#8243;][vc_toggle title=&#8221;Je suis cr\u00e9atrice, comment \u00eatre expos\u00e9e chez Chouette ?&#8221; style=&#8221;rounded&#8221; color=&#8221;orange&#8221; open=&#8221;true&#8221; custom_font_container=&#8221;tag:h3|font_size:20px|text_align:left|color:%23009849&#8243; custom_google_fonts=&#8221;font_family:Lato%3A100%2C100italic%2C300%2C300italic%2Cregular%2Citalic%2C700%2C700italic%2C900%2C900italic|font_style:400%20regular%3A400%3Anormal&#8221; use_custom_heading=&#8221;true&#8221;]Tu es cr\u00e9atrice et tu souhaites exposer tes cr\u00e9ations originales chez Chouette !<\/p>\n<p>Tout d&#8217;abord, pour nous permettre de commercialiser les produits, tu dois avoir un statut professionnel (auto-entrepreneur par exemple) et un num\u00e9ro de Siret. Ensuite, il suffit de nous communiquer par email un aper\u00e7u de tes cr\u00e9ations (avec quelques photos) et ta liste de prix professionnel.<\/p>\n<p>Amandine te contactera pour \u00e9changer sur ta d\u00e9marche, tes valeurs et tes propositions. Il est possible de mettre tes produits en d\u00e9pot-vente ou de les acheter.[\/vc_toggle][\/vc_column][vc_column width=&#8221;1\/5&#8243;][vc_single_image image=&#8221;13687&#8243; img_size=&#8221;medium&#8221; alignment=&#8221;center&#8221;][\/vc_column][\/vc_row][vc_row][vc_column][vc_column_text]Consulter les autres questions fr\u00e9quentes <a href=\"https:\/\/www.boutiquechouette.fr\/les-questions\/\">ici<\/a>[\/vc_column_text][\/vc_column][\/vc_row]<\/p>\n","protected":false},"excerpt":{"rendered":"<p>[vc_row full_width=&#8221;stretch_row&#8221;][vc_column][vc_column_text] La boutique de cr\u00e9ateurs Chouette ! \u00e0 Rennes accueille les cr\u00e9ations originales de dizaines de cr\u00e9ateurs de la r\u00e9gion rennaise, de Bretagne ou de France\u00a0 : De la d\u00e9coration (luminaires, papeterie&#8230;) aux v\u00eatements pour femme en passant par&#8230;<\/p>\n","protected":false},"author":1,"featured_media":0,"parent":0,"menu_order":0,"comment_status":"closed","ping_status":"closed","template":"","meta":{"footnotes":""},"yoast_head":"<!-- This site is optimized with the Yoast SEO plugin v15.9 - https:\/\/yoast.com\/wordpress\/plugins\/seo\/ -->\n<title>Les cr\u00e9ateurs - Boutique de cr\u00e9ateurs Chouette ! Rue du Chapitre Rennes<\/title>\n<meta name=\"description\" content=\"Boutique de cadeaux : Bijoux fantaisie, accessoires de mode, v\u00eatements femme, d\u00e9coration, luminaire... D\u00e9couvrez Chouette ! Boutique de cr\u00e9ateurs Rennes\" \/>\n<meta name=\"robots\" content=\"index, follow, max-snippet:-1, max-image-preview:large, max-video-preview:-1\" \/>\n<link rel=\"canonical\" href=\"https:\/\/www.boutiquechouette.fr\/?page_id=13\" \/>\n<meta property=\"og:locale\" content=\"fr_FR\" \/>\n<meta property=\"og:type\" content=\"article\" \/>\n<meta property=\"og:title\" content=\"Les cr\u00e9ateurs - Boutique de cr\u00e9ateurs Chouette ! Rue du Chapitre Rennes\" \/>\n<meta property=\"og:description\" content=\"Boutique de cadeaux : Bijoux fantaisie, accessoires de mode, v\u00eatements femme, d\u00e9coration, luminaire... D\u00e9couvrez Chouette ! Boutique de cr\u00e9ateurs Rennes\" \/>\n<meta property=\"og:url\" content=\"https:\/\/www.boutiquechouette.fr\/?page_id=13\" \/>\n<meta property=\"og:site_name\" content=\"Chouette !\" \/>\n<meta property=\"article:publisher\" content=\"http:\/\/www.facebook.com\/boutiquechouette\" \/>\n<meta property=\"article:modified_time\" content=\"2023-09-09T15:00:19+00:00\" \/>\n<meta name=\"twitter:card\" content=\"summary_large_image\" \/>\n<meta name=\"twitter:label1\" content=\"Dur\u00e9e de lecture est.\">\n\t<meta name=\"twitter:data1\" content=\"5 minutes\">\n<script type=\"application\/ld+json\" class=\"yoast-schema-graph\">{\"@context\":\"https:\/\/schema.org\",\"@graph\":[{\"@type\":\"Organization\",\"@id\":\"https:\/\/www.boutiquechouette.fr\/#organization\",\"name\":\"Chouette !\",\"url\":\"https:\/\/www.boutiquechouette.fr\/\",\"sameAs\":[\"http:\/\/www.facebook.com\/boutiquechouette\",\"https:\/\/www.instagram.com\/boutiquechouette\/\",\"https:\/\/www.pinterest.fr\/boutiquechouette\"],\"logo\":{\"@type\":\"ImageObject\",\"@id\":\"https:\/\/www.boutiquechouette.fr\/#logo\",\"inLanguage\":\"fr-FR\",\"url\":\"https:\/\/www.boutiquechouette.fr\/wp-content\/uploads\/2023\/07\/cropped-Logo_Titre_PNG.png\",\"width\":512,\"height\":512,\"caption\":\"Chouette !\"},\"image\":{\"@id\":\"https:\/\/www.boutiquechouette.fr\/#logo\"}},{\"@type\":\"WebSite\",\"@id\":\"https:\/\/www.boutiquechouette.fr\/#website\",\"url\":\"https:\/\/www.boutiquechouette.fr\/\",\"name\":\"Chouette !\",\"description\":\"Boutique de cr\\u00e9ateurs \\u00e0 Rennes\",\"publisher\":{\"@id\":\"https:\/\/www.boutiquechouette.fr\/#organization\"},\"potentialAction\":[{\"@type\":\"SearchAction\",\"target\":\"https:\/\/www.boutiquechouette.fr\/?s={search_term_string}\",\"query-input\":\"required name=search_term_string\"}],\"inLanguage\":\"fr-FR\"},{\"@type\":[\"WebPage\",\"ItemPage\"],\"@id\":\"https:\/\/www.boutiquechouette.fr\/?page_id=13#webpage\",\"url\":\"https:\/\/www.boutiquechouette.fr\/?page_id=13\",\"name\":\"Les cr\\u00e9ateurs - Boutique de cr\\u00e9ateurs Chouette ! Rue du Chapitre Rennes\",\"isPartOf\":{\"@id\":\"https:\/\/www.boutiquechouette.fr\/#website\"},\"datePublished\":\"2018-02-02T20:40:34+00:00\",\"dateModified\":\"2023-09-09T15:00:19+00:00\",\"description\":\"Boutique de cadeaux : Bijoux fantaisie, accessoires de mode, v\\u00eatements femme, d\\u00e9coration, luminaire... D\\u00e9couvrez Chouette ! Boutique de cr\\u00e9ateurs Rennes\",\"breadcrumb\":{\"@id\":\"https:\/\/www.boutiquechouette.fr\/?page_id=13#breadcrumb\"},\"inLanguage\":\"fr-FR\",\"potentialAction\":[{\"@type\":\"ReadAction\",\"target\":[\"https:\/\/www.boutiquechouette.fr\/?page_id=13\"]}]},{\"@type\":\"BreadcrumbList\",\"@id\":\"https:\/\/www.boutiquechouette.fr\/?page_id=13#breadcrumb\",\"itemListElement\":[{\"@type\":\"ListItem\",\"position\":1,\"item\":{\"@type\":\"WebPage\",\"@id\":\"https:\/\/www.boutiquechouette.fr\/\",\"url\":\"https:\/\/www.boutiquechouette.fr\/\",\"name\":\"Accueil\"}},{\"@type\":\"ListItem\",\"position\":2,\"item\":{\"@type\":\"WebPage\",\"@id\":\"https:\/\/www.boutiquechouette.fr\/?page_id=13\",\"url\":\"https:\/\/www.boutiquechouette.fr\/?page_id=13\",\"name\":\"Les cr\\u00e9ateurs\"}}]}]}<\/script>\n<!-- \/ Yoast SEO plugin. -->","_links":{"self":[{"href":"https:\/\/www.boutiquechouette.fr\/index.php?rest_route=\/wp\/v2\/pages\/13"}],"collection":[{"href":"https:\/\/www.boutiquechouette.fr\/index.php?rest_route=\/wp\/v2\/pages"}],"about":[{"href":"https:\/\/www.boutiquechouette.fr\/index.php?rest_route=\/wp\/v2\/types\/page"}],"author":[{"embeddable":true,"href":"https:\/\/www.boutiquechouette.fr\/index.php?rest_route=\/wp\/v2\/users\/1"}],"replies":[{"embeddable":true,"href":"https:\/\/www.boutiquechouette.fr\/index.php?rest_route=%2Fwp%2Fv2%2Fcomments&post=13"}],"version-history":[{"count":6,"href":"https:\/\/www.boutiquechouette.fr\/index.php?rest_route=\/wp\/v2\/pages\/13\/revisions"}],"predecessor-version":[{"id":13714,"href":"https:\/\/www.boutiquechouette.fr\/index.php?rest_route=\/wp\/v2\/pages\/13\/revisions\/13714"}],"wp:attachment":[{"href":"https:\/\/www.boutiquechouette.fr\/index.php?rest_route=%2Fwp%2Fv2%2Fmedia&parent=13"}],"curies":[{"name":"wp","href":"https:\/\/api.w.org\/{rel}","templated":true}]}}